{"id":1955,"date":"2025-06-03T18:14:33","date_gmt":"2025-06-03T16:14:33","guid":{"rendered":"http:\/\/caetra.org\/?page_id=1955"},"modified":"2025-06-03T18:14:34","modified_gmt":"2025-06-03T16:14:34","slug":"politica-de-privacidade","status":"publish","type":"page","link":"https:\/\/caetra.org\/es\/politica-de-privacidade\/","title":{"rendered":"Pol\u00edtica de privacidad"},"content":{"rendered":"<p>De acordo con o establecido pola normativa de Protecci\u00f3n de Datos de Car\u00e1cter Persoal, inform\u00e1moslle que est\u00e1 a facilitar os seus datos de car\u00e1cter persoal ao Responsable de Tratamento: Caetra Lucensium (en diante A ENTIDADE), con direcci\u00f3n en Rua MONTEFARO, S\/N (Parque de Frigsa) 27003 Lugo e correo info@caetra.org<\/p>\n\n\n\n<p>1. FINALIDADE DO TRATAMENTO<\/p>\n\n\n\n<p>Os datos recompilados ser\u00e1n unicamente os detallados no formulario de contacto, as\u00ed como aqueles que vostede mesmo facil\u00edtenos nos apartado \u201cComentarios\u201d. A ENTIDADE poder\u00e1 tratar os seus datos de car\u00e1cter persoal de acordo con as seguintes finalidades:<\/p>\n\n\n\n<ul class=\"wp-block-list\">\n<li>Xestionar a s\u00faa navegaci\u00f3n a trav\u00e9s do Sitio web.<\/li>\n\n\n\n<li>Xestionar o servizo de Atenci\u00f3n ao Cliente, para dar resposta \u00e1s d\u00fabidas, queixas, comentarios ou inquietudes que poida ter relativas \u00e1 informaci\u00f3n inclu\u00edda no Sitio web, as\u00ed como calquera outras consultas que poida ter.<\/li>\n\n\n\n<li>Xestionar o cumprimento, mantemento, desenvolvemento e control de calquera relaci\u00f3ns que a ENTIDADE mante\u00f1a con vostede.<\/li>\n<\/ul>\n\n\n\n<p>O feito de non facilitar certa informaci\u00f3n sinalada como obrigatoria, pode conlevar que non sexa posible xestionar a s\u00faa petici\u00f3n a trav\u00e9s do formulario de contacto.<\/p>\n\n\n\n<p>No caso de que nos achegue Datos Persoais de terceiros, vostede responsabil\u00edzase de informar e obter o consentimento destes para ser achegados coas finalidades indicadas nos apartados correspondentes da presente Pol\u00edtica de Privacidade e Cookies.<\/p>\n\n\n\n<p>2. LEXITIMACI\u00d3N DO TRATAMENTO DOS seus DATOS DE CAR\u00c1CTER PERSOAL<\/p>\n\n\n\n<p>A lexitimaci\u00f3n bas\u00e9ase no consentimento que vostede nos outorga ao clicar o bot\u00f3n \u201cACEPTO A POL\u00cdTICA DE PROTECCI\u00d3N DE DATOS\u201d.<\/p>\n\n\n\n<p>3. DESTINATARIOS DE CESI\u00d3NS<\/p>\n\n\n\n<p>Non cederemos os seus datos a terceiros.<\/p>\n\n\n\n<p>4. DEREITOS<\/p>\n\n\n\n<p>Por \u00faltimo, inform\u00e1moslle dos seus dereitos en materia de protecci\u00f3n de datos.<\/p>\n\n\n\n<ul class=\"wp-block-list\">\n<li>Dereito a solicitar o acceso aos seus datos persoais.<\/li>\n\n\n\n<li>Dereito a solicitar a s\u00faa rectificaci\u00f3n ou supresi\u00f3n (dereito ao esquecemento).<\/li>\n\n\n\n<li>Dereito a solicitar a limitaci\u00f3n do seu tratamento, e a opo\u00f1erse ao tratamento.<\/li>\n\n\n\n<li>Dereito \u00e1 portabilidad dos datos.<\/li>\n<\/ul>\n\n\n\n<p>Para exercer os seus dereitos non ten m\u00e1is que realizar unha solicitude por escrito e acompa\u00f1ala dunha copia do seu DNI.<\/p>\n\n\n\n<p>A ENTIDADE disp\u00f3n de formularios adecuados respecto diso. Non ten m\u00e1is que solicitalos ou ben presentar o seu propio escrito en\u00a0info@caetra.org<\/p>\n\n\n\n<p>5. MEDIDAS DE SEGURIDADE<\/p>\n\n\n\n<p>A ENTIDADE ten implantadas as medidas t\u00e9cnicas e organizativas necesarias para garantir a seguridade dos seus datos de car\u00e1cter persoal e evitar a s\u00faa alteraci\u00f3n, a perda e o tratamento e\/o o acceso non autorizado, tendo en cuenta o estado da tecnolox\u00eda, a natureza dos datos almacenados e os riscos provenientes da acci\u00f3n humana ou do medio f\u00edsico e natural a que est\u00e1n expostas.<\/p>","protected":false},"excerpt":{"rendered":"<p>De acordo con o establecido pola normativa de Protecci\u00f3n de Datos de Car\u00e1cter Persoal, inform\u00e1moslle que est\u00e1 a facilitar os seus datos de car\u00e1cter persoal ao Responsable de Tratamento: Caetra Lucensium (en diante A ENTIDADE),&hellip;<\/p>","protected":false},"author":1,"featured_media":0,"parent":0,"menu_order":0,"comment_status":"closed","ping_status":"closed","template":"","meta":{"footnotes":""},"class_list":["post-1955","page","type-page","status-publish","hentry"],"yoast_head":"<!-- This site is optimized with the Yoast SEO plugin v25.3.1 - https:\/\/yoast.com\/wordpress\/plugins\/seo\/ -->\n<title>Pol\u00edtica de privacidade - Caetra Lucensium<\/title>\n<meta name=\"robots\" content=\"index, follow, max-snippet:-1, max-image-preview:large, max-video-preview:-1\" \/>\n<link rel=\"canonical\" href=\"https:\/\/caetra.org\/es\/politica-de-privacidade\/\" \/>\n<meta property=\"og:locale\" content=\"es_ES\" \/>\n<meta property=\"og:type\" content=\"article\" \/>\n<meta property=\"og:title\" content=\"Pol\u00edtica de privacidade - Caetra Lucensium\" \/>\n<meta property=\"og:description\" content=\"De acordo con o establecido pola normativa de Protecci\u00f3n de Datos de Car\u00e1cter Persoal, inform\u00e1moslle que est\u00e1 a facilitar os seus datos de car\u00e1cter persoal ao Responsable de Tratamento: Caetra Lucensium (en diante A ENTIDADE),&hellip;\" \/>\n<meta property=\"og:url\" content=\"https:\/\/caetra.org\/es\/politica-de-privacidade\/\" \/>\n<meta property=\"og:site_name\" content=\"Caetra Lucensium\" \/>\n<meta property=\"article:publisher\" content=\"https:\/\/www.facebook.com\/CAETRALUCENSIUM\" \/>\n<meta property=\"article:modified_time\" content=\"2025-06-03T16:14:34+00:00\" \/>\n<meta name=\"twitter:card\" content=\"summary_large_image\" \/>\n<script type=\"application\/ld+json\" class=\"yoast-schema-graph\">{\"@context\":\"https:\/\/schema.org\",\"@graph\":[{\"@type\":\"WebPage\",\"@id\":\"https:\/\/caetra.org\/politica-de-privacidade\/\",\"url\":\"https:\/\/caetra.org\/politica-de-privacidade\/\",\"name\":\"Pol\u00edtica de privacidade - Caetra Lucensium\",\"isPartOf\":{\"@id\":\"https:\/\/caetra.org\/#website\"},\"datePublished\":\"2025-06-03T16:14:33+00:00\",\"dateModified\":\"2025-06-03T16:14:34+00:00\",\"breadcrumb\":{\"@id\":\"https:\/\/caetra.org\/politica-de-privacidade\/#breadcrumb\"},\"inLanguage\":\"es\",\"potentialAction\":[{\"@type\":\"ReadAction\",\"target\":[\"https:\/\/caetra.org\/politica-de-privacidade\/\"]}]},{\"@type\":\"BreadcrumbList\",\"@id\":\"https:\/\/caetra.org\/politica-de-privacidade\/#breadcrumb\",\"itemListElement\":[{\"@type\":\"ListItem\",\"position\":1,\"name\":\"Inicio\",\"item\":\"https:\/\/caetra.org\/\"},{\"@type\":\"ListItem\",\"position\":2,\"name\":\"Pol\u00edtica de privacidade\"}]},{\"@type\":\"WebSite\",\"@id\":\"https:\/\/caetra.org\/#website\",\"url\":\"https:\/\/caetra.org\/\",\"name\":\"Caetra Lucensium\",\"description\":\"Arde Lucus\",\"publisher\":{\"@id\":\"https:\/\/caetra.org\/#organization\"},\"potentialAction\":[{\"@type\":\"SearchAction\",\"target\":{\"@type\":\"EntryPoint\",\"urlTemplate\":\"https:\/\/caetra.org\/?s={search_term_string}\"},\"query-input\":{\"@type\":\"PropertyValueSpecification\",\"valueRequired\":true,\"valueName\":\"search_term_string\"}}],\"inLanguage\":\"es\"},{\"@type\":\"Organization\",\"@id\":\"https:\/\/caetra.org\/#organization\",\"name\":\"Caetra Lucensium\",\"url\":\"https:\/\/caetra.org\/\",\"logo\":{\"@type\":\"ImageObject\",\"inLanguage\":\"es\",\"@id\":\"https:\/\/caetra.org\/#\/schema\/logo\/image\/\",\"url\":\"https:\/\/caetra.org\/wp-content\/uploads\/2025\/05\/logo-con-texto-color-scaled.jpg\",\"contentUrl\":\"https:\/\/caetra.org\/wp-content\/uploads\/2025\/05\/logo-con-texto-color-scaled.jpg\",\"width\":2560,\"height\":868,\"caption\":\"Caetra Lucensium\"},\"image\":{\"@id\":\"https:\/\/caetra.org\/#\/schema\/logo\/image\/\"},\"sameAs\":[\"https:\/\/www.facebook.com\/CAETRALUCENSIUM\",\"https:\/\/www.instagram.com\/caetralucensium\/#\"]}]}<\/script>\n<!-- \/ Yoast SEO plugin. -->","yoast_head_json":{"title":"Pol\u00edtica de privacidade - Caetra Lucensium","robots":{"index":"index","follow":"follow","max-snippet":"max-snippet:-1","max-image-preview":"max-image-preview:large","max-video-preview":"max-video-preview:-1"},"canonical":"https:\/\/caetra.org\/es\/politica-de-privacidade\/","og_locale":"es_ES","og_type":"article","og_title":"Pol\u00edtica de privacidade - Caetra Lucensium","og_description":"De acordo con o establecido pola normativa de Protecci\u00f3n de Datos de Car\u00e1cter Persoal, inform\u00e1moslle que est\u00e1 a facilitar os seus datos de car\u00e1cter persoal ao Responsable de Tratamento: Caetra Lucensium (en diante A ENTIDADE),&hellip;","og_url":"https:\/\/caetra.org\/es\/politica-de-privacidade\/","og_site_name":"Caetra Lucensium","article_publisher":"https:\/\/www.facebook.com\/CAETRALUCENSIUM","article_modified_time":"2025-06-03T16:14:34+00:00","twitter_card":"summary_large_image","schema":{"@context":"https:\/\/schema.org","@graph":[{"@type":"WebPage","@id":"https:\/\/caetra.org\/politica-de-privacidade\/","url":"https:\/\/caetra.org\/politica-de-privacidade\/","name":"Pol\u00edtica de privacidade - Caetra Lucensium","isPartOf":{"@id":"https:\/\/caetra.org\/#website"},"datePublished":"2025-06-03T16:14:33+00:00","dateModified":"2025-06-03T16:14:34+00:00","breadcrumb":{"@id":"https:\/\/caetra.org\/politica-de-privacidade\/#breadcrumb"},"inLanguage":"es","potentialAction":[{"@type":"ReadAction","target":["https:\/\/caetra.org\/politica-de-privacidade\/"]}]},{"@type":"BreadcrumbList","@id":"https:\/\/caetra.org\/politica-de-privacidade\/#breadcrumb","itemListElement":[{"@type":"ListItem","position":1,"name":"Inicio","item":"https:\/\/caetra.org\/"},{"@type":"ListItem","position":2,"name":"Pol\u00edtica de privacidade"}]},{"@type":"WebSite","@id":"https:\/\/caetra.org\/#website","url":"https:\/\/caetra.org\/","name":"Caetra Lucensium","description":"Arde Lucus","publisher":{"@id":"https:\/\/caetra.org\/#organization"},"potentialAction":[{"@type":"SearchAction","target":{"@type":"EntryPoint","urlTemplate":"https:\/\/caetra.org\/?s={search_term_string}"},"query-input":{"@type":"PropertyValueSpecification","valueRequired":true,"valueName":"search_term_string"}}],"inLanguage":"es"},{"@type":"Organization","@id":"https:\/\/caetra.org\/#organization","name":"Caetra Lucensium","url":"https:\/\/caetra.org\/","logo":{"@type":"ImageObject","inLanguage":"es","@id":"https:\/\/caetra.org\/#\/schema\/logo\/image\/","url":"https:\/\/caetra.org\/wp-content\/uploads\/2025\/05\/logo-con-texto-color-scaled.jpg","contentUrl":"https:\/\/caetra.org\/wp-content\/uploads\/2025\/05\/logo-con-texto-color-scaled.jpg","width":2560,"height":868,"caption":"Caetra Lucensium"},"image":{"@id":"https:\/\/caetra.org\/#\/schema\/logo\/image\/"},"sameAs":["https:\/\/www.facebook.com\/CAETRALUCENSIUM","https:\/\/www.instagram.com\/caetralucensium\/#"]}]}},"_links":{"self":[{"href":"https:\/\/caetra.org\/es\/wp-json\/wp\/v2\/pages\/1955","targetHints":{"allow":["GET"]}}],"collection":[{"href":"https:\/\/caetra.org\/es\/wp-json\/wp\/v2\/pages"}],"about":[{"href":"https:\/\/caetra.org\/es\/wp-json\/wp\/v2\/types\/page"}],"author":[{"embeddable":true,"href":"https:\/\/caetra.org\/es\/wp-json\/wp\/v2\/users\/1"}],"replies":[{"embeddable":true,"href":"https:\/\/caetra.org\/es\/wp-json\/wp\/v2\/comments?post=1955"}],"version-history":[{"count":1,"href":"https:\/\/caetra.org\/es\/wp-json\/wp\/v2\/pages\/1955\/revisions"}],"predecessor-version":[{"id":1956,"href":"https:\/\/caetra.org\/es\/wp-json\/wp\/v2\/pages\/1955\/revisions\/1956"}],"wp:attachment":[{"href":"https:\/\/caetra.org\/es\/wp-json\/wp\/v2\/media?parent=1955"}],"curies":[{"name":"wp","href":"https:\/\/api.w.org\/{rel}","templated":true}]}}