{"id":1898,"date":"2025-05-30T13:49:59","date_gmt":"2025-05-30T11:49:59","guid":{"rendered":"https:\/\/caetra.clientes.galiciadigital.com\/?page_id=1898"},"modified":"2025-06-02T10:04:22","modified_gmt":"2025-06-02T08:04:22","slug":"obradoiros","status":"publish","type":"page","link":"https:\/\/caetra.org\/es\/obradoiros\/","title":{"rendered":"Talleres"},"content":{"rendered":"<div class=\"wpb-content-wrapper\"><div id=\"talleres\" class=\"vc_row wpb_row vc_row-fluid vc_custom_1748606070249 vc_row-has-fill shape_divider_top-none shape_divider_bottom-none\"><div class=\"wpb_column vc_column_container vc_col-sm-12 sc_layouts_column_icons_position_left\"><div class=\"vc_column-inner\"><div class=\"wpb_wrapper\"><div  id=\"sc_events_557043963\"\t\tclass=\"sc_events color_style_default sc_events_default\"><div class=\"sc_events_columns sc_item_columns trx_addons_columns_wrap columns_padding_bottom\"><div class=\"trx_addons_column-1_2\"><div class=\"sc_events_item\"><h1 class=\"sc_events_title\"><a href=\"https:\/\/caetra.org\/es\/event\/a-bomba-hidraulica\/\">LA BOMBA HIDRAULICA<\/a><\/h1><div class=\"event-content\"><div class=\"sc_events_date\">mayo 31<br>2035<\/div><div class=\"sc_events_item_descr\"><p>La bomba hidr\u00e1ulica fue un ingenio mec\u00e1nico inventado por Ctesibio de Alejandr\u00eda en el siglo III a.c., que tuvo una de sus aplicaciones pr\u00e1cticas en la explotaci\u00f3n sistem\u00e1tica de las minas romanas.<\/p>\n<a href=\"https:\/\/caetra.org\/es\/event\/a-bomba-hidraulica\/\" class=\"sc_button sc_button_bordered\">Take part<\/a><\/div><\/div><\/div><\/div><div class=\"trx_addons_column-1_2\"><div class=\"sc_events_item\"><h1 class=\"sc_events_title\"><a href=\"https:\/\/caetra.org\/es\/event\/a-caetra\/\">LA CAETRA<\/a><\/h1><div class=\"event-content\"><div class=\"sc_events_date\">julio 31<br>2035<\/div><div class=\"sc_events_item_descr\"><p>Fueron las primeras monedas troqueladas en el noroeste peninsular. \nSe emitieron en tres valores: \n\u201cSestercios\u201d muy raros, solo conocidos 3-4 ejemplares\n\u201cDupondios\u201d que presentan la modalidad de aparecer con pu\u00f1al y falcata junto a la Caetra de reverso...<\/p>\n<a href=\"https:\/\/caetra.org\/es\/event\/a-caetra\/\" class=\"sc_button sc_button_bordered\">Take part<\/a><\/div><\/div><\/div><\/div><div class=\"trx_addons_column-1_2\"><div class=\"sc_events_item\"><h1 class=\"sc_events_title\"><a href=\"https:\/\/caetra.org\/es\/event\/a-caupona\/\">LA CAUPONA<\/a><\/h1><div class=\"event-content\"><div class=\"sc_events_date\">mayo 31<br>2035<\/div><div class=\"sc_events_item_descr\"><p>Era un tipo de establecimiento dedicado a satisfacer las necesidades alimentarias de los ciudadanos libres con pocos recursos, tambi\u00e9n de los viajeros que pasaban o quedaban en la ciudad...<\/p>\n<a href=\"https:\/\/caetra.org\/es\/event\/a-caupona\/\" class=\"sc_button sc_button_bordered\">Take part<\/a><\/div><\/div><\/div><\/div><div class=\"trx_addons_column-1_2\"><div class=\"sc_events_item\"><h1 class=\"sc_events_title\"><a href=\"https:\/\/caetra.org\/es\/event\/a-tinta\/\">LA TINTA<\/a><\/h1><div class=\"event-content\"><div class=\"sc_events_date\">mayo 31<br>2035<\/div><div class=\"sc_events_item_descr\"><p>La tinta que se emple\u00f3 en roma era de dos tonalidades, negra y roja, los principales componentes de la tinta negra eran carb\u00f3n vegetal y goma ar\u00e1biga, aunque tambi\u00e9n usaban resina, orujo de uva o tinta de sepia...<\/p>\n<a href=\"https:\/\/caetra.org\/es\/event\/a-tinta\/\" class=\"sc_button sc_button_bordered\">Take part<\/a><\/div><\/div><\/div><\/div><div class=\"trx_addons_column-1_2\"><div class=\"sc_events_item\"><h1 class=\"sc_events_title\"><a href=\"https:\/\/caetra.org\/es\/event\/caetra-lucensium\/\">CAETRA LUCENSIUM<\/a><\/h1><div class=\"event-content\"><div class=\"sc_events_date\">mayo 31<br>2035<\/div><div class=\"sc_events_item_descr\"><p>\u00bfQu\u00e9 significa este nombre?\nEl nombre de la asociaci\u00f3n fue tomado del nombre de la moneda conocida como \u201ccaetra\u201d o \u201cmoneta castrensis\u201d, supuestamente y seg\u00fan numerosos datos, moneda acu\u00f1ada en la ceca de Lucus Augusti durante el per\u00edodo comprendido entre los a\u00f1os 27-17 a.c (guerras c\u00e1ntabras) ...<\/p>\n<a href=\"https:\/\/caetra.org\/es\/event\/caetra-lucensium\/\" class=\"sc_button sc_button_bordered\">Take part<\/a><\/div><\/div><\/div><\/div><div class=\"trx_addons_column-1_2\"><div class=\"sc_events_item\"><h1 class=\"sc_events_title\"><a href=\"https:\/\/caetra.org\/es\/event\/ceca-officinae\/\">CECA OFFICINAE<\/a><\/h1><div class=\"event-content\"><div class=\"sc_events_date\">julio 31<br>2035<\/div><div class=\"sc_events_item_descr\"><p>Una ceca es el lugar donde se fabrica o se emite moneda. \nEl cu\u00f1o o troquel es una pieza de metal duro, generalmente cil\u00edndrica, que presenta, en una de sus bases y en negativo, los detalles que aparecer\u00e1n despu\u00e9s en la moneda...<\/p>\n<a href=\"https:\/\/caetra.org\/es\/event\/ceca-officinae\/\" class=\"sc_button sc_button_bordered\">Take part<\/a><\/div><\/div><\/div><\/div><div class=\"trx_addons_column-1_2\"><div class=\"sc_events_item\"><h1 class=\"sc_events_title\"><a href=\"https:\/\/caetra.org\/es\/event\/menu-romano\/\">MEN\u00da ROMANO<\/a><\/h1><div class=\"event-content\"><div class=\"sc_events_date\">mayo 31<br>2035<\/div><div class=\"sc_events_item_descr\"><p>La comida era simple pero variada: legumbres, queso, fruta, huevos, aceitunas, verduras, tortas de cebada o trigo, e incluso carne y pescado.\u00a0Todo ello se condimentaba con salsas y ali\u00f1os\u00a0a base de miel, vino, vinagre ...<\/p>\n<a href=\"https:\/\/caetra.org\/es\/event\/menu-romano\/\" class=\"sc_button sc_button_bordered\">Take part<\/a><\/div><\/div><\/div><\/div><div class=\"trx_addons_column-1_2\"><div class=\"sc_events_item\"><h1 class=\"sc_events_title\"><a href=\"https:\/\/caetra.org\/es\/event\/o-medicus\/\">EL MEDICUS<\/a><\/h1><div class=\"event-content\"><div class=\"sc_events_date\">mayo 31<br>2035<\/div><div class=\"sc_events_item_descr\"><p>El \u201cmedicus\u201d romano dispon\u00eda de una amplia panoplia de instrumental quir\u00fargico: ten\u00edan un dise\u00f1o que, en esencia, no dista mucho del que tiene el utilizado por los cirujanos actuales. As\u00ed, pr\u00e1cticamente, la \u00fanica diferencia radica en el material con el que se confeccionaban...<\/p>\n<a href=\"https:\/\/caetra.org\/es\/event\/o-medicus\/\" class=\"sc_button sc_button_bordered\">Take part<\/a><\/div><\/div><\/div><\/div><div class=\"trx_addons_column-1_2\"><div class=\"sc_events_item\"><h1 class=\"sc_events_title\"><a href=\"https:\/\/caetra.org\/es\/event\/textrinum\/\">TEXTRINUM<\/a><\/h1><div class=\"event-content\"><div class=\"sc_events_date\">mayo 31<br>2035<\/div><div class=\"sc_events_item_descr\"><p>En roma, cada hogar, especialmente en el campo conten\u00eda un lugar (textrinium) con todos los aparatos necesarios para trabajar la lana (lanificium).\nTejer es el proceso de entrelazar hilos de urdimbre verticales con hilos de trama horizontales...<\/p>\n<a href=\"https:\/\/caetra.org\/es\/event\/textrinum\/\" class=\"sc_button sc_button_bordered\">Take part<\/a><\/div><\/div><\/div><\/div><div class=\"trx_addons_column-1_2\"><div class=\"sc_events_item\"><h1 class=\"sc_events_title\"><a href=\"https:\/\/caetra.org\/es\/event\/tinctoriae\/\">TINCTORIAE<\/a><\/h1><div class=\"event-content\"><div class=\"sc_events_date\">mayo 31<br>2035<\/div><div class=\"sc_events_item_descr\"><p>Eran establecimientos, dedicados a lavar y te\u00f1ir la ropa, usando una mezcla de orines, ceniza y arcillas.\nPara te\u00f1ir la ropa, la introduc\u00edan en peque\u00f1as balsas con el colorante correspondiente...<\/p>\n<a href=\"https:\/\/caetra.org\/es\/event\/tinctoriae\/\" class=\"sc_button sc_button_bordered\">Take part<\/a><\/div><\/div><\/div><\/div><div class=\"trx_addons_column-1_2\"><div class=\"sc_events_item\"><h1 class=\"sc_events_title\"><a href=\"https:\/\/caetra.org\/es\/event\/valetudinarium\/\">VALETUDINARIUM<\/a><\/h1><div class=\"event-content\"><div class=\"sc_events_date\">mayo 31<br>2035<\/div><div class=\"sc_events_item_descr\"><p>Era un edificio de planta rectangular que estaba formado por habitaciones divididas por peque\u00f1as salas con capacidad para cuatro o cinco personas, conectadas por un pasillo con un gran vest\u00edbulo de entrada...<\/p>\n<a href=\"https:\/\/caetra.org\/es\/event\/valetudinarium\/\" class=\"sc_button sc_button_bordered\">Take part<\/a><\/div><\/div><\/div><\/div><\/div><\/div><!-- \/.sc_events --><\/div><\/div><\/div><\/div>\n<\/div>","protected":false},"excerpt":{"rendered":"Era un edificio de planta rectangular que estaba formado por habitaciones divididas por peque\u00f1as salas con capacidad para cuatro o cinco personas, conectadas por un pasillo con un gran vest\u00edbulo de entrada...","protected":false},"author":1,"featured_media":1897,"parent":0,"menu_order":0,"comment_status":"closed","ping_status":"closed","template":"","meta":{"footnotes":""},"class_list":["post-1898","page","type-page","status-publish","has-post-thumbnail","hentry"],"yoast_head":"<!-- This site is optimized with the Yoast SEO plugin v25.3.1 - https:\/\/yoast.com\/wordpress\/plugins\/seo\/ -->\n<title>Obradoiros - Caetra Lucensium<\/title>\n<meta name=\"robots\" content=\"index, follow, max-snippet:-1, max-image-preview:large, max-video-preview:-1\" \/>\n<link rel=\"canonical\" href=\"https:\/\/caetra.org\/es\/obradoiros\/\" \/>\n<meta property=\"og:locale\" content=\"es_ES\" \/>\n<meta property=\"og:type\" content=\"article\" \/>\n<meta property=\"og:title\" content=\"Obradoiros - Caetra Lucensium\" \/>\n<meta property=\"og:url\" content=\"https:\/\/caetra.org\/es\/obradoiros\/\" \/>\n<meta property=\"og:site_name\" content=\"Caetra Lucensium\" \/>\n<meta property=\"article:publisher\" content=\"https:\/\/www.facebook.com\/CAETRALUCENSIUM\" \/>\n<meta property=\"article:modified_time\" content=\"2025-06-02T08:04:22+00:00\" \/>\n<meta property=\"og:image\" content=\"https:\/\/caetra.org\/wp-content\/uploads\/2025\/05\/cropped-cropped-11782453_956228451108327_91151228781723087_o-1.jpg\" \/>\n\t<meta property=\"og:image:width\" content=\"1366\" \/>\n\t<meta property=\"og:image:height\" content=\"912\" \/>\n\t<meta property=\"og:image:type\" content=\"image\/jpeg\" \/>\n<meta name=\"twitter:card\" content=\"summary_large_image\" \/>\n<script type=\"application\/ld+json\" class=\"yoast-schema-graph\">{\"@context\":\"https:\/\/schema.org\",\"@graph\":[{\"@type\":\"WebPage\",\"@id\":\"https:\/\/caetra.org\/obradoiros\/\",\"url\":\"https:\/\/caetra.org\/obradoiros\/\",\"name\":\"Obradoiros - Caetra Lucensium\",\"isPartOf\":{\"@id\":\"https:\/\/caetra.org\/#website\"},\"primaryImageOfPage\":{\"@id\":\"https:\/\/caetra.org\/obradoiros\/#primaryimage\"},\"image\":{\"@id\":\"https:\/\/caetra.org\/obradoiros\/#primaryimage\"},\"thumbnailUrl\":\"https:\/\/caetra.org\/wp-content\/uploads\/2025\/05\/cropped-cropped-11782453_956228451108327_91151228781723087_o-1.jpg\",\"datePublished\":\"2025-05-30T11:49:59+00:00\",\"dateModified\":\"2025-06-02T08:04:22+00:00\",\"breadcrumb\":{\"@id\":\"https:\/\/caetra.org\/obradoiros\/#breadcrumb\"},\"inLanguage\":\"es\",\"potentialAction\":[{\"@type\":\"ReadAction\",\"target\":[\"https:\/\/caetra.org\/obradoiros\/\"]}]},{\"@type\":\"ImageObject\",\"inLanguage\":\"es\",\"@id\":\"https:\/\/caetra.org\/obradoiros\/#primaryimage\",\"url\":\"https:\/\/caetra.org\/wp-content\/uploads\/2025\/05\/cropped-cropped-11782453_956228451108327_91151228781723087_o-1.jpg\",\"contentUrl\":\"https:\/\/caetra.org\/wp-content\/uploads\/2025\/05\/cropped-cropped-11782453_956228451108327_91151228781723087_o-1.jpg\",\"width\":1366,\"height\":912},{\"@type\":\"BreadcrumbList\",\"@id\":\"https:\/\/caetra.org\/obradoiros\/#breadcrumb\",\"itemListElement\":[{\"@type\":\"ListItem\",\"position\":1,\"name\":\"Inicio\",\"item\":\"https:\/\/caetra.org\/\"},{\"@type\":\"ListItem\",\"position\":2,\"name\":\"Obradoiros\"}]},{\"@type\":\"WebSite\",\"@id\":\"https:\/\/caetra.org\/#website\",\"url\":\"https:\/\/caetra.org\/\",\"name\":\"Caetra Lucensium\",\"description\":\"Arde Lucus\",\"publisher\":{\"@id\":\"https:\/\/caetra.org\/#organization\"},\"potentialAction\":[{\"@type\":\"SearchAction\",\"target\":{\"@type\":\"EntryPoint\",\"urlTemplate\":\"https:\/\/caetra.org\/?s={search_term_string}\"},\"query-input\":{\"@type\":\"PropertyValueSpecification\",\"valueRequired\":true,\"valueName\":\"search_term_string\"}}],\"inLanguage\":\"es\"},{\"@type\":\"Organization\",\"@id\":\"https:\/\/caetra.org\/#organization\",\"name\":\"Caetra Lucensium\",\"url\":\"https:\/\/caetra.org\/\",\"logo\":{\"@type\":\"ImageObject\",\"inLanguage\":\"es\",\"@id\":\"https:\/\/caetra.org\/#\/schema\/logo\/image\/\",\"url\":\"https:\/\/caetra.org\/wp-content\/uploads\/2025\/05\/logo-con-texto-color-scaled.jpg\",\"contentUrl\":\"https:\/\/caetra.org\/wp-content\/uploads\/2025\/05\/logo-con-texto-color-scaled.jpg\",\"width\":2560,\"height\":868,\"caption\":\"Caetra Lucensium\"},\"image\":{\"@id\":\"https:\/\/caetra.org\/#\/schema\/logo\/image\/\"},\"sameAs\":[\"https:\/\/www.facebook.com\/CAETRALUCENSIUM\",\"https:\/\/www.instagram.com\/caetralucensium\/#\"]}]}<\/script>\n<!-- \/ Yoast SEO plugin. -->","yoast_head_json":{"title":"Obradoiros - Caetra Lucensium","robots":{"index":"index","follow":"follow","max-snippet":"max-snippet:-1","max-image-preview":"max-image-preview:large","max-video-preview":"max-video-preview:-1"},"canonical":"https:\/\/caetra.org\/es\/obradoiros\/","og_locale":"es_ES","og_type":"article","og_title":"Obradoiros - Caetra Lucensium","og_url":"https:\/\/caetra.org\/es\/obradoiros\/","og_site_name":"Caetra Lucensium","article_publisher":"https:\/\/www.facebook.com\/CAETRALUCENSIUM","article_modified_time":"2025-06-02T08:04:22+00:00","og_image":[{"width":1366,"height":912,"url":"https:\/\/caetra.org\/wp-content\/uploads\/2025\/05\/cropped-cropped-11782453_956228451108327_91151228781723087_o-1.jpg","type":"image\/jpeg"}],"twitter_card":"summary_large_image","schema":{"@context":"https:\/\/schema.org","@graph":[{"@type":"WebPage","@id":"https:\/\/caetra.org\/obradoiros\/","url":"https:\/\/caetra.org\/obradoiros\/","name":"Obradoiros - Caetra Lucensium","isPartOf":{"@id":"https:\/\/caetra.org\/#website"},"primaryImageOfPage":{"@id":"https:\/\/caetra.org\/obradoiros\/#primaryimage"},"image":{"@id":"https:\/\/caetra.org\/obradoiros\/#primaryimage"},"thumbnailUrl":"https:\/\/caetra.org\/wp-content\/uploads\/2025\/05\/cropped-cropped-11782453_956228451108327_91151228781723087_o-1.jpg","datePublished":"2025-05-30T11:49:59+00:00","dateModified":"2025-06-02T08:04:22+00:00","breadcrumb":{"@id":"https:\/\/caetra.org\/obradoiros\/#breadcrumb"},"inLanguage":"es","potentialAction":[{"@type":"ReadAction","target":["https:\/\/caetra.org\/obradoiros\/"]}]},{"@type":"ImageObject","inLanguage":"es","@id":"https:\/\/caetra.org\/obradoiros\/#primaryimage","url":"https:\/\/caetra.org\/wp-content\/uploads\/2025\/05\/cropped-cropped-11782453_956228451108327_91151228781723087_o-1.jpg","contentUrl":"https:\/\/caetra.org\/wp-content\/uploads\/2025\/05\/cropped-cropped-11782453_956228451108327_91151228781723087_o-1.jpg","width":1366,"height":912},{"@type":"BreadcrumbList","@id":"https:\/\/caetra.org\/obradoiros\/#breadcrumb","itemListElement":[{"@type":"ListItem","position":1,"name":"Inicio","item":"https:\/\/caetra.org\/"},{"@type":"ListItem","position":2,"name":"Obradoiros"}]},{"@type":"WebSite","@id":"https:\/\/caetra.org\/#website","url":"https:\/\/caetra.org\/","name":"Caetra Lucensium","description":"Arde Lucus","publisher":{"@id":"https:\/\/caetra.org\/#organization"},"potentialAction":[{"@type":"SearchAction","target":{"@type":"EntryPoint","urlTemplate":"https:\/\/caetra.org\/?s={search_term_string}"},"query-input":{"@type":"PropertyValueSpecification","valueRequired":true,"valueName":"search_term_string"}}],"inLanguage":"es"},{"@type":"Organization","@id":"https:\/\/caetra.org\/#organization","name":"Caetra Lucensium","url":"https:\/\/caetra.org\/","logo":{"@type":"ImageObject","inLanguage":"es","@id":"https:\/\/caetra.org\/#\/schema\/logo\/image\/","url":"https:\/\/caetra.org\/wp-content\/uploads\/2025\/05\/logo-con-texto-color-scaled.jpg","contentUrl":"https:\/\/caetra.org\/wp-content\/uploads\/2025\/05\/logo-con-texto-color-scaled.jpg","width":2560,"height":868,"caption":"Caetra Lucensium"},"image":{"@id":"https:\/\/caetra.org\/#\/schema\/logo\/image\/"},"sameAs":["https:\/\/www.facebook.com\/CAETRALUCENSIUM","https:\/\/www.instagram.com\/caetralucensium\/#"]}]}},"_links":{"self":[{"href":"https:\/\/caetra.org\/es\/wp-json\/wp\/v2\/pages\/1898","targetHints":{"allow":["GET"]}}],"collection":[{"href":"https:\/\/caetra.org\/es\/wp-json\/wp\/v2\/pages"}],"about":[{"href":"https:\/\/caetra.org\/es\/wp-json\/wp\/v2\/types\/page"}],"author":[{"embeddable":true,"href":"https:\/\/caetra.org\/es\/wp-json\/wp\/v2\/users\/1"}],"replies":[{"embeddable":true,"href":"https:\/\/caetra.org\/es\/wp-json\/wp\/v2\/comments?post=1898"}],"version-history":[{"count":4,"href":"https:\/\/caetra.org\/es\/wp-json\/wp\/v2\/pages\/1898\/revisions"}],"predecessor-version":[{"id":1944,"href":"https:\/\/caetra.org\/es\/wp-json\/wp\/v2\/pages\/1898\/revisions\/1944"}],"wp:featuredmedia":[{"embeddable":true,"href":"https:\/\/caetra.org\/es\/wp-json\/wp\/v2\/media\/1897"}],"wp:attachment":[{"href":"https:\/\/caetra.org\/es\/wp-json\/wp\/v2\/media?parent=1898"}],"curies":[{"name":"wp","href":"https:\/\/api.w.org\/{rel}","templated":true}]}}