{"id":168,"date":"2018-01-25T11:05:29","date_gmt":"2018-01-25T11:05:29","guid":{"rendered":"http:\/\/caetra.clientes.galiciadigital.com\/?page_id=168"},"modified":"2025-06-02T11:15:03","modified_gmt":"2025-06-02T09:15:03","slug":"contacto","status":"publish","type":"page","link":"https:\/\/caetra.org\/es\/contacto\/","title":{"rendered":"Contacto"},"content":{"rendered":"<div class=\"wpb-content-wrapper\"><div class=\"vc_row wpb_row vc_row-fluid shape_divider_top-none shape_divider_bottom-none\"><div class=\"wpb_column vc_column_container vc_col-sm-12 sc_layouts_column_icons_position_left\"><div class=\"vc_column-inner\"><div class=\"wpb_wrapper\"><div class=\"vc_empty_space\"   style=\"height: 8rem\"><span class=\"vc_empty_space_inner\"><\/span><\/div><\/div><\/div><\/div><div class=\"wpb_column vc_column_container vc_col-sm-2 sc_layouts_column_icons_position_left\"><div class=\"vc_column-inner\"><div class=\"wpb_wrapper\"><\/div><\/div><\/div><div class=\"wpb_column vc_column_container vc_col-sm-8 sc_layouts_column_icons_position_left\"><div class=\"vc_column-inner\"><div class=\"wpb_wrapper\"><div id=\"sc_title_110955142\"\n\t\tclass=\"sc_title color_style_default sc_title_default  vc_custom_1748602874924\"><h6 class=\"sc_item_subtitle sc_title_subtitle sc_align_center sc_item_title_style_default\">contacto<\/h6><h2 class=\"sc_item_title sc_title_title sc_align_center sc_item_title_style_default\">\u00bfHablamos?<\/h2><\/div><!-- \/.sc_title -->\n<div class=\"wpcf7 no-js\" id=\"wpcf7-f863-o1\" lang=\"en-US\" dir=\"ltr\" data-wpcf7-id=\"863\">\n<div class=\"screen-reader-response\"><p role=\"status\" aria-live=\"polite\" aria-atomic=\"true\"><\/p> <ul><\/ul><\/div>\n<form action=\"\/es\/wp-json\/wp\/v2\/pages\/168#wpcf7-f863-o1\" method=\"post\" class=\"wpcf7-form init\" aria-label=\"Contact form\" novalidate=\"novalidate\" data-status=\"init\" data-trp-original-action=\"\/es\/wp-json\/wp\/v2\/pages\/168#wpcf7-f863-o1\">\n<fieldset class=\"hidden-fields-container\"><input type=\"hidden\" name=\"_wpcf7\" value=\"863\" \/><input type=\"hidden\" name=\"_wpcf7_version\" value=\"6.1\" \/><input type=\"hidden\" name=\"_wpcf7_locale\" value=\"en_US\" \/><input type=\"hidden\" name=\"_wpcf7_unit_tag\" value=\"wpcf7-f863-o1\" \/><input type=\"hidden\" name=\"_wpcf7_container_post\" value=\"0\" \/><input type=\"hidden\" name=\"_wpcf7_posted_data_hash\" value=\"\" \/><input type=\"hidden\" name=\"_wpcf7_recaptcha_response\" value=\"\" \/>\n<\/fieldset>\n<div class=\"columns_wrap\">\n<div class=\"column-1_2\"><span class=\"wpcf7-form-control-wrap\" data-name=\"your-name\"><input size=\"40\" maxlength=\"400\" class=\"wpcf7-form-control wpcf7-text wpcf7-validates-as-required\" aria-required=\"true\" aria-invalid=\"false\" placeholder=\"Nombre\" value=\"\" type=\"text\" name=\"your-name\" \/><\/span><\/div>\n<div class=\"column-1_2\"><span class=\"wpcf7-form-control-wrap\" data-name=\"your-email\"><input size=\"40\" maxlength=\"400\" class=\"wpcf7-form-control wpcf7-email wpcf7-validates-as-required wpcf7-text wpcf7-validates-as-email\" aria-required=\"true\" aria-invalid=\"false\" placeholder=\"Email\" value=\"\" type=\"email\" name=\"your-email\" \/><\/span><\/div>\n<\/div>\n<div class=\"column-1_1 pad-bot\"><span class=\"wpcf7-form-control-wrap\" data-name=\"your-message\"><textarea cols=\"40\" rows=\"10\" maxlength=\"2000\" class=\"wpcf7-form-control wpcf7-textarea wpcf7-validates-as-required\" aria-required=\"true\" aria-invalid=\"false\" placeholder=\"Mensaje\" name=\"your-message\"><\/textarea><\/span><\/div>\n<div class=\"column-1_1 pad-bot\"><span class=\"wpcf7-form-control-wrap\" data-name=\"acceptance-364\"><span class=\"wpcf7-form-control wpcf7-acceptance\"><span class=\"wpcf7-list-item\"><label><input type=\"checkbox\" name=\"acceptance-364\" value=\"1\" aria-invalid=\"false\" \/><span class=\"wpcf7-list-item-label\">He le\u00eddo y acepto la pol\u00edtica de privacidad de la web<\/span><\/label><\/span><\/span><\/span><\/div>\n<div class=\"column-1_1 textalignright\">\n<input class=\"wpcf7-form-control wpcf7-submit has-spinner\" type=\"submit\" value=\"Enviar mensaje\" \/><\/div><div class=\"wpcf7-response-output\" aria-hidden=\"true\"><\/div>\n<input type=\"hidden\" name=\"trp-form-language\" value=\"es\"\/><\/form>\n<\/div>\n<\/div><\/div><\/div><div class=\"wpb_column vc_column_container vc_col-sm-2 sc_layouts_column_icons_position_left\"><div class=\"vc_column-inner\"><div class=\"wpb_wrapper\"><\/div><\/div><\/div><\/div><div data-vc-full-width=\"true\" data-vc-full-width-init=\"false\" data-vc-stretch-content=\"true\" class=\"vc_row wpb_row vc_row-fluid vc_row-no-padding shape_divider_top-none shape_divider_bottom-none\"><div class=\"wpb_column vc_column_container vc_col-sm-12 sc_layouts_column_icons_position_left\"><div class=\"vc_column-inner\"><div class=\"wpb_wrapper\"><div class=\"vc_empty_space\"   style=\"height: 7rem\"><span class=\"vc_empty_space_inner\"><\/span><\/div>\n\t<div  class=\"wpb_single_image wpb_content_element vc_align_left wpb_content_element\">\n\t\t\n\t\t<figure class=\"wpb_wrapper vc_figure\">\n\t\t\t<div class=\"vc_single_image-wrapper   vc_box_border_grey\"><img loading=\"lazy\" decoding=\"async\" width=\"1871\" height=\"95\" src=\"https:\/\/caetra.org\/wp-content\/uploads\/2018\/03\/top_dark.png\" class=\"vc_single_image-img attachment-full\" alt=\"\" title=\"top_dark\" srcset=\"https:\/\/caetra.org\/wp-content\/uploads\/2018\/03\/top_dark.png 1871w, https:\/\/caetra.org\/wp-content\/uploads\/2018\/03\/top_dark-300x15.png 300w, https:\/\/caetra.org\/wp-content\/uploads\/2018\/03\/top_dark-1024x52.png 1024w, https:\/\/caetra.org\/wp-content\/uploads\/2018\/03\/top_dark-768x39.png 768w, https:\/\/caetra.org\/wp-content\/uploads\/2018\/03\/top_dark-1536x78.png 1536w, https:\/\/caetra.org\/wp-content\/uploads\/2018\/03\/top_dark-370x19.png 370w, https:\/\/caetra.org\/wp-content\/uploads\/2018\/03\/top_dark-760x39.png 760w, https:\/\/caetra.org\/wp-content\/uploads\/2018\/03\/top_dark-1520x77.png 1520w, https:\/\/caetra.org\/wp-content\/uploads\/2018\/03\/top_dark-740x38.png 740w, https:\/\/caetra.org\/wp-content\/uploads\/2018\/03\/top_dark-600x30.png 600w\" sizes=\"auto, (max-width: 1871px) 100vw, 1871px\" \/><\/div>\n\t\t<\/figure>\n\t<\/div>\n<\/div><\/div><\/div><\/div><div class=\"vc_row-full-width vc_clearfix\"><\/div><div data-vc-full-width=\"true\" data-vc-full-width-init=\"false\" class=\"vc_row wpb_row vc_row-fluid vc_custom_1521468204806 vc_row-has-fill shape_divider_top-none shape_divider_bottom-none\"><div class=\"wpb_column vc_column_container vc_col-sm-12 sc_layouts_column_icons_position_left\"><div class=\"vc_column-inner\"><div class=\"wpb_wrapper\"><div class=\"vc_empty_space\"   style=\"height: 8rem\"><span class=\"vc_empty_space_inner\"><\/span><\/div><div id=\"sc_title_646408822\"\n\t\tclass=\"sc_title color_style_default sc_title_default\"><h6 class=\"sc_item_subtitle sc_title_subtitle sc_align_center sc_item_title_style_default\">d\u00f3nde encontrarnos<\/h6><h2 class=\"sc_item_title sc_title_title sc_align_center sc_item_title_style_default\">Datos de contacto<\/h2><\/div><!-- \/.sc_title --><div class=\"vc_empty_space\"   style=\"height: 3rem\"><span class=\"vc_empty_space_inner\"><\/span><\/div><div id=\"sc_content_485919970\"\n\t\tclass=\"sc_content color_style_default sc_content_light sc_float_center\"><div class=\"sc_content_container\"><div class=\"vc_row wpb_row vc_inner vc_row-fluid shape_divider_top-none shape_divider_bottom-none\"><div class=\"wpb_column vc_column_container vc_col-sm-7 sc_layouts_column_icons_position_left\"><div class=\"vc_column-inner vc_custom_1748497610965\"><div class=\"wpb_wrapper\"><div id=\"sc_googlemap_2050591899_wrap\" class=\"sc_googlemap_wrap\"><div id=\"sc_googlemap_2050591899\"\n\t\t\tclass=\"sc_googlemap sc_googlemap_default trx_addons_inline_97177305\"\n\t\t\t\t\t\tdata-zoom=\"14\"\n\t\t\tdata-style=\"dark\"\n\t\t\tdata-cluster-icon=\"\"\n        ><iframe\n                    src=\"https:\/\/maps.google.com\/maps?t=m&output=embed&iwloc=near&z=14&q=Caetra+Lucensium%2C+Rua+MONTEFARO%2C+S%2FN+-+27003+Lugo%2C+Spain\"\n                    scrolling=\"no\"\n                    marginheight=\"0\"\n                    marginwidth=\"0\"\n                    frameborder=\"0\"\n                    aria-label=\"\"><\/iframe><\/div><\/div><!-- \/.sc_googlemap_wrap --><\/div><\/div><\/div><div class=\"wpb_column vc_column_container vc_col-sm-5 sc_layouts_column_icons_position_left\"><div class=\"vc_column-inner\"><div class=\"wpb_wrapper\"><div id=\"sc_icons_1594202338\" \n\tclass=\"sc_icons sc_icons_default sc_icons_size_medium sc_align_left\"><div class=\"sc_icons_item\"><h4 class=\"sc_icons_item_title\"><span>Direcci\u00f3n<\/span><\/h4><div class=\"sc_icons_item_description\"><span>Rua MONTEFARO, S\/N (Parque de Frigsa) <\/span><span>27003 Lugo<\/span><\/div><\/div><div class=\"sc_icons_item\"><h4 class=\"sc_icons_item_title\"><span>Tel\u00e9fono<\/span><\/h4><div class=\"sc_icons_item_description\"><span><a href=\"tel:+34689929848\">+34 689 929 848<\/a><\/span><\/div><\/div><div class=\"sc_icons_item\"><h4 class=\"sc_icons_item_title\"><span>Correo electr\u00f3nico<\/span><\/h4><div class=\"sc_icons_item_description\"><span><a href=\"mailto:info@caetra.org\">info@caetra.org<\/a><\/span><\/div><\/div><\/div><!-- \/.sc_icons --><\/div><\/div><\/div><\/div><div id=\"widget_socials_166976962\" class=\"widget_area sc_widget_socials vc_widget_socials wpb_content_element\"><aside id=\"widget_socials_166976962_widget\" class=\"widget widget_socials\"><div class=\"socials_wrap sc_align_center\"><a target=\"_blank\" href=\"https:\/\/www.facebook.com\/CAETRALUCENSIUM\" class=\"social_item social_item_style_icons social_item_type_icons\"><span class=\"social_icon social_icon_facebook\"><span class=\"icon-facebook\"><\/span><\/span><\/a><a target=\"_blank\" href=\"https:\/\/www.instagram.com\/caetralucensium\/#\" class=\"social_item social_item_style_icons social_item_type_icons\"><span class=\"social_icon social_icon_instagramm\"><span class=\"icon-instagramm\"><\/span><\/span><\/a><\/div><\/aside><\/div><\/div><\/div><!-- \/.sc_content --><div class=\"vc_empty_space\"   style=\"height: 8rem\"><span class=\"vc_empty_space_inner\"><\/span><\/div><\/div><\/div><\/div><\/div><div class=\"vc_row-full-width vc_clearfix\"><\/div>\n<\/div>","protected":false},"excerpt":{"rendered":"contactoFalamos? L\u00edn e acepto a pol\u00edtica de privacidade da web \u00f3nde atoparnosDatos de contactoEnderezoRua MONTEFARO, S\/N (Parque de Frigsa) 27003 LugoTel\u00e9fono+34 689 929 848Correo electr\u00f3nicoinfo@caetra.org","protected":false},"author":1,"featured_media":1897,"parent":0,"menu_order":0,"comment_status":"closed","ping_status":"closed","template":"","meta":{"footnotes":""},"class_list":["post-168","page","type-page","status-publish","has-post-thumbnail","hentry"],"yoast_head":"<!-- This site is optimized with the Yoast SEO plugin v25.3.1 - https:\/\/yoast.com\/wordpress\/plugins\/seo\/ -->\n<title>Contacto - Caetra Lucensium<\/title>\n<meta name=\"robots\" content=\"index, follow, max-snippet:-1, max-image-preview:large, max-video-preview:-1\" \/>\n<link rel=\"canonical\" href=\"https:\/\/caetra.org\/es\/contacto\/\" \/>\n<meta property=\"og:locale\" content=\"es_ES\" \/>\n<meta property=\"og:type\" content=\"article\" \/>\n<meta property=\"og:title\" content=\"Contacto - Caetra Lucensium\" \/>\n<meta property=\"og:url\" content=\"https:\/\/caetra.org\/es\/contacto\/\" \/>\n<meta property=\"og:site_name\" content=\"Caetra Lucensium\" \/>\n<meta property=\"article:publisher\" content=\"https:\/\/www.facebook.com\/CAETRALUCENSIUM\" \/>\n<meta property=\"article:modified_time\" content=\"2025-06-02T09:15:03+00:00\" \/>\n<meta property=\"og:image\" content=\"https:\/\/caetra.org\/wp-content\/uploads\/2025\/05\/cropped-cropped-11782453_956228451108327_91151228781723087_o-1.jpg\" \/>\n\t<meta property=\"og:image:width\" content=\"1366\" \/>\n\t<meta property=\"og:image:height\" content=\"912\" \/>\n\t<meta property=\"og:image:type\" content=\"image\/jpeg\" \/>\n<meta name=\"twitter:card\" content=\"summary_large_image\" \/>\n<script type=\"application\/ld+json\" class=\"yoast-schema-graph\">{\"@context\":\"https:\/\/schema.org\",\"@graph\":[{\"@type\":\"WebPage\",\"@id\":\"https:\/\/caetra.org\/contacto\/\",\"url\":\"https:\/\/caetra.org\/contacto\/\",\"name\":\"Contacto - Caetra Lucensium\",\"isPartOf\":{\"@id\":\"https:\/\/caetra.org\/#website\"},\"primaryImageOfPage\":{\"@id\":\"https:\/\/caetra.org\/contacto\/#primaryimage\"},\"image\":{\"@id\":\"https:\/\/caetra.org\/contacto\/#primaryimage\"},\"thumbnailUrl\":\"https:\/\/caetra.org\/wp-content\/uploads\/2025\/05\/cropped-cropped-11782453_956228451108327_91151228781723087_o-1.jpg\",\"datePublished\":\"2018-01-25T11:05:29+00:00\",\"dateModified\":\"2025-06-02T09:15:03+00:00\",\"breadcrumb\":{\"@id\":\"https:\/\/caetra.org\/contacto\/#breadcrumb\"},\"inLanguage\":\"es\",\"potentialAction\":[{\"@type\":\"ReadAction\",\"target\":[\"https:\/\/caetra.org\/contacto\/\"]}]},{\"@type\":\"ImageObject\",\"inLanguage\":\"es\",\"@id\":\"https:\/\/caetra.org\/contacto\/#primaryimage\",\"url\":\"https:\/\/caetra.org\/wp-content\/uploads\/2025\/05\/cropped-cropped-11782453_956228451108327_91151228781723087_o-1.jpg\",\"contentUrl\":\"https:\/\/caetra.org\/wp-content\/uploads\/2025\/05\/cropped-cropped-11782453_956228451108327_91151228781723087_o-1.jpg\",\"width\":1366,\"height\":912},{\"@type\":\"BreadcrumbList\",\"@id\":\"https:\/\/caetra.org\/contacto\/#breadcrumb\",\"itemListElement\":[{\"@type\":\"ListItem\",\"position\":1,\"name\":\"Inicio\",\"item\":\"https:\/\/caetra.org\/\"},{\"@type\":\"ListItem\",\"position\":2,\"name\":\"Contacto\"}]},{\"@type\":\"WebSite\",\"@id\":\"https:\/\/caetra.org\/#website\",\"url\":\"https:\/\/caetra.org\/\",\"name\":\"Caetra Lucensium\",\"description\":\"Arde Lucus\",\"publisher\":{\"@id\":\"https:\/\/caetra.org\/#organization\"},\"potentialAction\":[{\"@type\":\"SearchAction\",\"target\":{\"@type\":\"EntryPoint\",\"urlTemplate\":\"https:\/\/caetra.org\/?s={search_term_string}\"},\"query-input\":{\"@type\":\"PropertyValueSpecification\",\"valueRequired\":true,\"valueName\":\"search_term_string\"}}],\"inLanguage\":\"es\"},{\"@type\":\"Organization\",\"@id\":\"https:\/\/caetra.org\/#organization\",\"name\":\"Caetra Lucensium\",\"url\":\"https:\/\/caetra.org\/\",\"logo\":{\"@type\":\"ImageObject\",\"inLanguage\":\"es\",\"@id\":\"https:\/\/caetra.org\/#\/schema\/logo\/image\/\",\"url\":\"https:\/\/caetra.org\/wp-content\/uploads\/2025\/05\/logo-con-texto-color-scaled.jpg\",\"contentUrl\":\"https:\/\/caetra.org\/wp-content\/uploads\/2025\/05\/logo-con-texto-color-scaled.jpg\",\"width\":2560,\"height\":868,\"caption\":\"Caetra Lucensium\"},\"image\":{\"@id\":\"https:\/\/caetra.org\/#\/schema\/logo\/image\/\"},\"sameAs\":[\"https:\/\/www.facebook.com\/CAETRALUCENSIUM\",\"https:\/\/www.instagram.com\/caetralucensium\/#\"]}]}<\/script>\n<!-- \/ Yoast SEO plugin. -->","yoast_head_json":{"title":"Contacto - Caetra Lucensium","robots":{"index":"index","follow":"follow","max-snippet":"max-snippet:-1","max-image-preview":"max-image-preview:large","max-video-preview":"max-video-preview:-1"},"canonical":"https:\/\/caetra.org\/es\/contacto\/","og_locale":"es_ES","og_type":"article","og_title":"Contacto - Caetra Lucensium","og_url":"https:\/\/caetra.org\/es\/contacto\/","og_site_name":"Caetra Lucensium","article_publisher":"https:\/\/www.facebook.com\/CAETRALUCENSIUM","article_modified_time":"2025-06-02T09:15:03+00:00","og_image":[{"width":1366,"height":912,"url":"https:\/\/caetra.org\/wp-content\/uploads\/2025\/05\/cropped-cropped-11782453_956228451108327_91151228781723087_o-1.jpg","type":"image\/jpeg"}],"twitter_card":"summary_large_image","schema":{"@context":"https:\/\/schema.org","@graph":[{"@type":"WebPage","@id":"https:\/\/caetra.org\/contacto\/","url":"https:\/\/caetra.org\/contacto\/","name":"Contacto - Caetra Lucensium","isPartOf":{"@id":"https:\/\/caetra.org\/#website"},"primaryImageOfPage":{"@id":"https:\/\/caetra.org\/contacto\/#primaryimage"},"image":{"@id":"https:\/\/caetra.org\/contacto\/#primaryimage"},"thumbnailUrl":"https:\/\/caetra.org\/wp-content\/uploads\/2025\/05\/cropped-cropped-11782453_956228451108327_91151228781723087_o-1.jpg","datePublished":"2018-01-25T11:05:29+00:00","dateModified":"2025-06-02T09:15:03+00:00","breadcrumb":{"@id":"https:\/\/caetra.org\/contacto\/#breadcrumb"},"inLanguage":"es","potentialAction":[{"@type":"ReadAction","target":["https:\/\/caetra.org\/contacto\/"]}]},{"@type":"ImageObject","inLanguage":"es","@id":"https:\/\/caetra.org\/contacto\/#primaryimage","url":"https:\/\/caetra.org\/wp-content\/uploads\/2025\/05\/cropped-cropped-11782453_956228451108327_91151228781723087_o-1.jpg","contentUrl":"https:\/\/caetra.org\/wp-content\/uploads\/2025\/05\/cropped-cropped-11782453_956228451108327_91151228781723087_o-1.jpg","width":1366,"height":912},{"@type":"BreadcrumbList","@id":"https:\/\/caetra.org\/contacto\/#breadcrumb","itemListElement":[{"@type":"ListItem","position":1,"name":"Inicio","item":"https:\/\/caetra.org\/"},{"@type":"ListItem","position":2,"name":"Contacto"}]},{"@type":"WebSite","@id":"https:\/\/caetra.org\/#website","url":"https:\/\/caetra.org\/","name":"Caetra Lucensium","description":"Arde Lucus","publisher":{"@id":"https:\/\/caetra.org\/#organization"},"potentialAction":[{"@type":"SearchAction","target":{"@type":"EntryPoint","urlTemplate":"https:\/\/caetra.org\/?s={search_term_string}"},"query-input":{"@type":"PropertyValueSpecification","valueRequired":true,"valueName":"search_term_string"}}],"inLanguage":"es"},{"@type":"Organization","@id":"https:\/\/caetra.org\/#organization","name":"Caetra Lucensium","url":"https:\/\/caetra.org\/","logo":{"@type":"ImageObject","inLanguage":"es","@id":"https:\/\/caetra.org\/#\/schema\/logo\/image\/","url":"https:\/\/caetra.org\/wp-content\/uploads\/2025\/05\/logo-con-texto-color-scaled.jpg","contentUrl":"https:\/\/caetra.org\/wp-content\/uploads\/2025\/05\/logo-con-texto-color-scaled.jpg","width":2560,"height":868,"caption":"Caetra Lucensium"},"image":{"@id":"https:\/\/caetra.org\/#\/schema\/logo\/image\/"},"sameAs":["https:\/\/www.facebook.com\/CAETRALUCENSIUM","https:\/\/www.instagram.com\/caetralucensium\/#"]}]}},"_links":{"self":[{"href":"https:\/\/caetra.org\/es\/wp-json\/wp\/v2\/pages\/168","targetHints":{"allow":["GET"]}}],"collection":[{"href":"https:\/\/caetra.org\/es\/wp-json\/wp\/v2\/pages"}],"about":[{"href":"https:\/\/caetra.org\/es\/wp-json\/wp\/v2\/types\/page"}],"author":[{"embeddable":true,"href":"https:\/\/caetra.org\/es\/wp-json\/wp\/v2\/users\/1"}],"replies":[{"embeddable":true,"href":"https:\/\/caetra.org\/es\/wp-json\/wp\/v2\/comments?post=168"}],"version-history":[{"count":12,"href":"https:\/\/caetra.org\/es\/wp-json\/wp\/v2\/pages\/168\/revisions"}],"predecessor-version":[{"id":1946,"href":"https:\/\/caetra.org\/es\/wp-json\/wp\/v2\/pages\/168\/revisions\/1946"}],"wp:featuredmedia":[{"embeddable":true,"href":"https:\/\/caetra.org\/es\/wp-json\/wp\/v2\/media\/1897"}],"wp:attachment":[{"href":"https:\/\/caetra.org\/es\/wp-json\/wp\/v2\/media?parent=168"}],"curies":[{"name":"wp","href":"https:\/\/api.w.org\/{rel}","templated":true}]}}